{"id":14,"date":"2022-09-12T11:33:12","date_gmt":"2022-09-12T11:33:12","guid":{"rendered":"https:\/\/docscloud.angolacables.co.ao\/?page_id=14"},"modified":"2022-09-26T10:48:35","modified_gmt":"2022-09-26T10:48:35","slug":"homepage","status":"publish","type":"page","link":"http:\/\/docscloud.angolacables.co.ao\/en\/","title":{"rendered":"Homepage"},"content":{"rendered":"<div data-elementor-type=\"wp-page\" data-elementor-id=\"14\" class=\"elementor elementor-14\">\n\t\t\t\t\t\t\t\t\t<section class=\"elementor-section elementor-top-section elementor-element elementor-element-66a2851 elementor-reverse-mobile elementor-section-full_width elementor-section-height-default elementor-section-height-default\" data-id=\"66a2851\" data-element_type=\"section\" data-settings=\"{&quot;background_background&quot;:&quot;classic&quot;}\">\n\t\t\t\t\t\t<div class=\"elementor-container elementor-column-gap-default\">\n\t\t\t\t\t<div class=\"elementor-column elementor-col-33 elementor-top-column elementor-element elementor-element-ffcad67 elementor-hidden-mobile\" data-id=\"ffcad67\" data-element_type=\"column\" data-settings=\"{&quot;background_background&quot;:&quot;classic&quot;}\">\n\t\t\t<div class=\"elementor-widget-wrap elementor-element-populated\">\n\t\t\t\t\t\t\t\t<section class=\"elementor-section elementor-inner-section elementor-element elementor-element-eaccf2e elementor-section-height-full elementor-hidden-tablet elementor-hidden-mobile elementor-section-boxed elementor-section-height-default\" data-id=\"eaccf2e\" data-element_type=\"section\" data-settings=\"{&quot;sticky&quot;:&quot;top&quot;,&quot;sticky_offset&quot;:25,&quot;sticky_on&quot;:[&quot;desktop&quot;,&quot;tablet&quot;,&quot;mobile&quot;],&quot;sticky_effects_offset&quot;:0}\">\n\t\t\t\t\t\t<div class=\"elementor-container elementor-column-gap-default\">\n\t\t\t\t\t<div class=\"elementor-column elementor-col-100 elementor-inner-column elementor-element elementor-element-5e28a89\" data-id=\"5e28a89\" data-element_type=\"column\">\n\t\t\t<div class=\"elementor-widget-wrap elementor-element-populated\">\n\t\t\t\t\t\t\t\t<div class=\"elementor-element elementor-element-7f0b3b9 elementor-widget elementor-widget-sidebar\" data-id=\"7f0b3b9\" data-element_type=\"widget\" data-widget_type=\"sidebar.default\">\n\t\t\t\t<div class=\"elementor-widget-container\">\n\t\t\t\t\t\t<aside id=\"custom-post-type-recent-posts-4\" class=\"widget widget_recent_entries\"><h2 class=\"widget-title\">Introduction<\/h2>\t\t\t<ul>\n\t\t\t\t\t\t\t\t\t\t\t\t\t<li>\n\t\t\t\t\t\t\t\t\t\t<a href=\"http:\/\/docscloud.angolacables.co.ao\/en\/docs2africa\/acesso-via-ssh\/\">Acesso via SSH<\/a>\n\t\t\t\t\t\t\t\t\t\t\t\t\t\t<\/li>\n\t\t\t\t\t\t\t\t\t\t\t\t\t<li>\n\t\t\t\t\t\t\t\t\t\t<a href=\"http:\/\/docscloud.angolacables.co.ao\/en\/docs2africa\/criar-maquina-virtual\/\">Criar M\u00e1quina Virtual<\/a>\n\t\t\t\t\t\t\t\t\t\t\t\t\t\t<\/li>\n\t\t\t\t\t\t\t\t\t\t\t\t\t<li>\n\t\t\t\t\t\t\t\t\t\t<a href=\"http:\/\/docscloud.angolacables.co.ao\/en\/docs2africa\/como-iniciar-instancias-de-maquinas-virtuais\/\">Como iniciar inst\u00e2ncias de VM<\/a>\n\t\t\t\t\t\t\t\t\t\t\t\t\t\t<\/li>\n\t\t\t\t\t\t\t\t\t\t\t\t\t<li>\n\t\t\t\t\t\t\t\t\t\t<a href=\"http:\/\/docscloud.angolacables.co.ao\/en\/docs2africa\/como-criar-instantaneos\/\">Como criar instant\u00e2neos<\/a>\n\t\t\t\t\t\t\t\t\t\t\t\t\t\t<\/li>\n\t\t\t\t\t\t\t\t\t\t\t\t\t<li>\n\t\t\t\t\t\t\t\t\t\t<a href=\"http:\/\/docscloud.angolacables.co.ao\/en\/docs2africa\/proteger-instancias-de-vm\/\">Proteger Inst\u00e2ncias de VM<\/a>\n\t\t\t\t\t\t\t\t\t\t\t\t\t\t<\/li>\n\t\t\t\t\t\t\t\t\t\t\t\t\t<li>\n\t\t\t\t\t\t\t\t\t\t<a href=\"http:\/\/docscloud.angolacables.co.ao\/en\/docs2africa\/parar-uma-instancias-vm\/\">Parar uma inst\u00e2ncia VM<\/a>\n\t\t\t\t\t\t\t\t\t\t\t\t\t\t<\/li>\n\t\t\t\t\t\t\t\t\t\t\t\t\t<li>\n\t\t\t\t\t\t\t\t\t\t<a href=\"http:\/\/docscloud.angolacables.co.ao\/en\/docs2africa\/modificar-uma-instancia-de-vm\/\">Modificar inst\u00e2ncia de VM<\/a>\n\t\t\t\t\t\t\t\t\t\t\t\t\t\t<\/li>\n\t\t\t\t\t\t\t\t\t\t\t\t\t<li>\n\t\t\t\t\t\t\t\t\t\t<a href=\"http:\/\/docscloud.angolacables.co.ao\/en\/docs2africa\/como-excluir-uma-instancia-vm\/\">Excluir inst\u00e2ncia VM<\/a>\n\t\t\t\t\t\t\t\t\t\t\t\t\t\t<\/li>\n\t\t\t\t\t\t\t\t\t\t\t\t\t<li>\n\t\t\t\t\t\t\t\t\t\t<a href=\"http:\/\/docscloud.angolacables.co.ao\/en\/docs2africa\/gerar-redes-para-uma-instancia-de-vm\/\">Gerar redes para uma inst\u00e2ncia de VM<\/a>\n\t\t\t\t\t\t\t\t\t\t\t\t\t\t<\/li>\n\t\t\t\t\t\t\t\t\t\t\t\t\t<li>\n\t\t\t\t\t\t\t\t\t\t<a href=\"http:\/\/docscloud.angolacables.co.ao\/en\/docs2africa\/adicionar-armazenamento-a-instancias-de-vm\/\">Adicionar armazenamento \u00e0 inst\u00e2ncias de VM<\/a>\n\t\t\t\t\t\t\t\t\t\t\t\t\t\t<\/li>\n\t\t\t\t\t\t\t\t\t\t\t\t\t<li>\n\t\t\t\t\t\t\t\t\t\t<a href=\"http:\/\/docscloud.angolacables.co.ao\/en\/docs2africa\/associar-grupos-de-seguranca-a-instancias-de-vm\/\">Associar grupos de seguran\u00e7a \u00e0 inst\u00e2ncias de VM<\/a>\n\t\t\t\t\t\t\t\t\t\t\t\t\t\t<\/li>\n\t\t\t\t\t\t\t\t\t\t\t\t\t<li>\n\t\t\t\t\t\t\t\t\t\t<a href=\"http:\/\/docscloud.angolacables.co.ao\/en\/docs2africa\/recuperar-instancias-de-vm-do-windows\/\">Recuperar inst\u00e2ncias de VM do Windows<\/a>\n\t\t\t\t\t\t\t\t\t\t\t\t\t\t<\/li>\n\t\t\t\t\t\t\t\t\t\t\t\t\t<li>\n\t\t\t\t\t\t\t\t\t\t<a href=\"http:\/\/docscloud.angolacables.co.ao\/en\/docs2africa\/carregar-carteira\/\">Carregar carteira<\/a>\n\t\t\t\t\t\t\t\t\t\t\t\t\t\t<\/li>\n\t\t\t\t\t\t\t\t\t\t\t\t\t<li>\n\t\t\t\t\t\t\t\t\t\t<a href=\"http:\/\/docscloud.angolacables.co.ao\/en\/docs2africa\/login-maquina-virtual\/\">Login M\u00e1quina Virtual<\/a>\n\t\t\t\t\t\t\t\t\t\t\t\t\t\t<\/li>\n\t\t\t\t\t\t\t<\/ul>\n\t\t\t<\/aside>\t\t<\/div>\n\t\t\t\t<\/div>\n\t\t\t\t\t<\/div>\n\t\t<\/div>\n\t\t\t\t\t\t\t<\/div>\n\t\t<\/section>\n\t\t\t\t\t<\/div>\n\t\t<\/div>\n\t\t\t\t<div class=\"elementor-column elementor-col-33 elementor-top-column elementor-element elementor-element-302a3a2\" data-id=\"302a3a2\" data-element_type=\"column\" data-settings=\"{&quot;background_background&quot;:&quot;classic&quot;}\">\n\t\t\t<div class=\"elementor-widget-wrap elementor-element-populated\">\n\t\t\t\t\t\t\t\t<div class=\"elementor-element elementor-element-0a114c3 elementor-widget elementor-widget-text-editor\" data-id=\"0a114c3\" data-element_type=\"widget\" data-widget_type=\"text-editor.default\">\n\t\t\t\t<div class=\"elementor-widget-container\">\n\t\t\t<style>\/*! elementor - v3.15.0 - 20-08-2023 *\/\n.elementor-widget-text-editor.elementor-drop-cap-view-stacked .elementor-drop-cap{background-color:#69727d;color:#fff}.elementor-widget-text-editor.elementor-drop-cap-view-framed .elementor-drop-cap{color:#69727d;border:3px solid;background-color:transparent}.elementor-widget-text-editor:not(.elementor-drop-cap-view-default) .elementor-drop-cap{margin-top:8px}.elementor-widget-text-editor:not(.elementor-drop-cap-view-default) .elementor-drop-cap-letter{width:1em;height:1em}.elementor-widget-text-editor .elementor-drop-cap{float:left;text-align:center;line-height:1;font-size:50px}.elementor-widget-text-editor .elementor-drop-cap-letter{display:inline-block}<\/style>\t\t\t\t<p align=\"center\"><strong><i><\/i>Bem-vindo a Clouds2Africa | Clouds2Brasil<\/strong><\/p>\t\t\t\t\t\t<\/div>\n\t\t\t\t<\/div>\n\t\t\t\t<div class=\"elementor-element elementor-element-f624f12 elementor-widget elementor-widget-text-editor\" data-id=\"f624f12\" data-element_type=\"widget\" data-widget_type=\"text-editor.default\">\n\t\t\t\t<div class=\"elementor-widget-container\">\n\t\t\t\t\t\t\t<p>Nesta p\u00e1gina vai encontrar suporte que fala a sua l\u00edngua 24\/7, num formato simplificado que permite esclarecer o m\u00e1ximo de d\u00favidas sobre o funcionamento da solu\u00e7\u00e3o de computa\u00e7\u00e3o e armazenamento em nuvem.<\/p><p>Caso n\u00e3o encontrar solu\u00e7\u00e3o, estamos 24\/7 a suportar o seu neg\u00f3cio, basta seguir os pontos abaixo:<\/p><p>1.\u00a0\u00a0Abrir um ticket em <a href=\"https:\/\/clouds2africa.com\/#!\/console\/ticket\">https:\/\/clouds2africa.com\/#!\/console\/ticket<\/a><br \/>2.\u00a0\u00a0Ligue para o centro de apoio 24\/7 atrav\u00e9s dos contactos:<\/p><p><strong>E-mail global<\/strong>: <a title=\"mailto:noc@angolacables.co.ao\" href=\"mailto:noc@angolacables.co.ao\" target=\"_blank\" rel=\"noopener noreferrer\" data-auth=\"NotApplicable\" data-safelink=\"true\" data-linkindex=\"0\">noc@angolacables.co.ao<\/a><br \/><strong>Telefone:<\/strong>\u00a0 \u00a0 AO +244 927 686 206\u00a0 \u00a0 |\u00a0 \u00a0BR +55 8 531 825 023 | SA +271 053 346 044 \u00a0\u00a0\u00a0 <br \/>| EUA +13 054 472 976\u00a0 \u00a0|\u00a0 \u00a0PT +351 300 509 029<\/p>\t\t\t\t\t\t<\/div>\n\t\t\t\t<\/div>\n\t\t\t\t\t<\/div>\n\t\t<\/div>\n\t\t\t\t<div class=\"elementor-column elementor-col-33 elementor-top-column elementor-element elementor-element-ae535cb\" data-id=\"ae535cb\" data-element_type=\"column\" data-settings=\"{&quot;background_background&quot;:&quot;classic&quot;}\">\n\t\t\t<div class=\"elementor-widget-wrap\">\n\t\t\t\t\t\t\t\t\t<\/div>\n\t\t<\/div>\n\t\t\t\t\t\t\t<\/div>\n\t\t<\/section>\n\t\t\t\t\t\t\t<\/div>","protected":false},"excerpt":{"rendered":"<p>Bem-vindo a Clouds2Africa | Clouds2Brasil Nesta p\u00e1gina vai encontrar suporte que fala a sua l\u00edngua 24\/7, num formato simplificado que permite esclarecer o m\u00e1ximo de d\u00favidas sobre o funcionamento da solu\u00e7\u00e3o de computa\u00e7\u00e3o e armazenamento em nuvem. Caso n\u00e3o encontrar solu\u00e7\u00e3o, estamos 24\/7 a suportar o seu neg\u00f3cio, basta seguir os pontos abaixo: 1.\u00a0\u00a0Abrir um &hellip;<\/p>\n<p class=\"read-more\"> <a class=\"\" href=\"http:\/\/docscloud.angolacables.co.ao\/en\/\"> <span class=\"screen-reader-text\">Homepage<\/span> Read More &raquo;<\/a><\/p>","protected":false},"author":1,"featured_media":0,"parent":0,"menu_order":0,"comment_status":"closed","ping_status":"closed","template":"","meta":{"site-sidebar-layout":"no-sidebar","site-content-layout":"page-builder","ast-site-content-layout":"","site-content-style":"default","site-sidebar-style":"default","ast-global-header-display":"","ast-banner-title-visibility":"","ast-main-header-display":"","ast-hfb-above-header-display":"","ast-hfb-below-header-display":"","ast-hfb-mobile-header-display":"","site-post-title":"disabled","ast-breadcrumbs-content":"","ast-featured-img":"disabled","footer-sml-layout":"","theme-transparent-header-meta":"","adv-header-id-meta":"","stick-header-meta":"","header-above-stick-meta":"","header-main-stick-meta":"","header-below-stick-meta":"","astra-migrate-meta-layouts":"","footnotes":""},"class_list":["post-14","page","type-page","status-publish","hentry"],"acf":[],"_links":{"self":[{"href":"http:\/\/docscloud.angolacables.co.ao\/en\/wp-json\/wp\/v2\/pages\/14","targetHints":{"allow":["GET"]}}],"collection":[{"href":"http:\/\/docscloud.angolacables.co.ao\/en\/wp-json\/wp\/v2\/pages"}],"about":[{"href":"http:\/\/docscloud.angolacables.co.ao\/en\/wp-json\/wp\/v2\/types\/page"}],"author":[{"embeddable":true,"href":"http:\/\/docscloud.angolacables.co.ao\/en\/wp-json\/wp\/v2\/users\/1"}],"replies":[{"embeddable":true,"href":"http:\/\/docscloud.angolacables.co.ao\/en\/wp-json\/wp\/v2\/comments?post=14"}],"version-history":[{"count":120,"href":"http:\/\/docscloud.angolacables.co.ao\/en\/wp-json\/wp\/v2\/pages\/14\/revisions"}],"predecessor-version":[{"id":325,"href":"http:\/\/docscloud.angolacables.co.ao\/en\/wp-json\/wp\/v2\/pages\/14\/revisions\/325"}],"wp:attachment":[{"href":"http:\/\/docscloud.angolacables.co.ao\/en\/wp-json\/wp\/v2\/media?parent=14"}],"curies":[{"name":"wp","href":"https:\/\/api.w.org\/{rel}","templated":true}]}}